{"id":2566,"date":"2019-12-12T11:07:29","date_gmt":"2019-12-12T11:07:29","guid":{"rendered":"https:\/\/term.globalbalkan.mk\/contact\/"},"modified":"2020-03-20T18:02:05","modified_gmt":"2020-03-20T18:02:05","slug":"contact","status":"publish","type":"page","link":"https:\/\/term.globalbalkan.mk\/sq\/contact\/","title":{"rendered":"Kontakt"},"content":{"rendered":"\t\t<div data-elementor-type=\"wp-page\" data-elementor-id=\"2566\" class=\"elementor elementor-2566 elementor-1691\">\n\t\t\t\t\t\t<section class=\"elementor-section elementor-top-section elementor-element elementor-element-878c63d elementor-section-stretched elementor-section-full_width elementor-section-height-default elementor-section-height-default\" data-id=\"878c63d\" data-element_type=\"section\" data-settings=\"{&quot;stretch_section&quot;:&quot;section-stretched&quot;}\">\n\t\t\t\t\t\t<div class=\"elementor-container elementor-column-gap-no\">\n\t\t\t\t\t<div class=\"elementor-column elementor-col-100 elementor-top-column elementor-element elementor-element-b5ace5b\" data-id=\"b5ace5b\" data-element_type=\"column\">\n\t\t\t<div class=\"elementor-widget-wrap elementor-element-populated\">\n\t\t\t\t\t\t<div class=\"elementor-element elementor-element-353f625 elementor-widget elementor-widget-google_maps\" data-id=\"353f625\" data-element_type=\"widget\" data-widget_type=\"google_maps.default\">\n\t\t\t\t<div class=\"elementor-widget-container\">\n\t\t\t\t\t\t\t<div class=\"elementor-custom-embed\">\n\t\t\t<iframe loading=\"lazy\"\n\t\t\t\t\tsrc=\"https:\/\/maps.google.com\/maps?q=Sretko%20Krsteski%2055%2C%20Gostivar&#038;t=m&#038;z=18&#038;output=embed&#038;iwloc=near\"\n\t\t\t\t\ttitle=\"Sretko Krsteski 55, Gostivar\"\n\t\t\t\t\taria-label=\"Sretko Krsteski 55, Gostivar\"\n\t\t\t><\/iframe>\n\t\t<\/div>\n\t\t\t\t\t\t<\/div>\n\t\t\t\t<\/div>\n\t\t\t\t<div class=\"elementor-element elementor-element-fbc9e79 elementor-widget elementor-widget-electrician-map\" data-id=\"fbc9e79\" data-element_type=\"widget\" data-widget_type=\"electrician-map.default\">\n\t\t\t\t<div class=\"elementor-widget-container\">\n\t\t\t\t\t        <section class=\"map-full\">\r\n            <div class=\"mapouter\">\r\n                 \r\n            <\/div>\r\n            <div class=\"mp_contact_info\">\r\n                <div class=\"container\">\r\n                    <div class=\"mp_contact_info_details\">\r\n                        <div class=\"row\">\r\n                                                                <div class=\"col-lg-3 col-md-3 col-sm-6 col-xs-6 full_wdth\">\r\n                                        <div class=\"cpt_info\">\r\n                                                                                <span class=\"cpt_icon\">\r\n                                    <i aria-hidden=\"true\" class=\" icon-map-marker\"><\/i> <\/span>\r\n                                                                                <div class=\"cppt\">\r\n                                                <span>Adresa:<\/span> \t\r\n                                                <h3> Sretko Krsteski 55, Gostivar, Maqedonia e Veriut <\/h3>\r\n                                            <\/div>\r\n                                        <\/div><!--cpt_info end-->\r\n                                    <\/div>\r\n                                                                        <div class=\"col-lg-3 col-md-3 col-sm-6 col-xs-6 full_wdth\">\r\n                                        <div class=\"cpt_info\">\r\n                                                                                <span class=\"cpt_icon\">\r\n                                    <svg aria-hidden=\"true\" class=\"e-font-icon-svg e-far-envelope\" viewBox=\"0 0 512 512\" xmlns=\"http:\/\/www.w3.org\/2000\/svg\"><path d=\"M464 64H48C21.49 64 0 85.49 0 112v288c0 26.51 21.49 48 48 48h416c26.51 0 48-21.49 48-48V112c0-26.51-21.49-48-48-48zm0 48v40.805c-22.422 18.259-58.168 46.651-134.587 106.49-16.841 13.247-50.201 45.072-73.413 44.701-23.208.375-56.579-31.459-73.413-44.701C106.18 199.465 70.425 171.067 48 152.805V112h416zM48 400V214.398c22.914 18.251 55.409 43.862 104.938 82.646 21.857 17.205 60.134 55.186 103.062 54.955 42.717.231 80.509-37.199 103.053-54.947 49.528-38.783 82.032-64.401 104.947-82.653V400H48z\"><\/path><\/svg> <\/span>\r\n                                                                                <div class=\"cppt\">\r\n                                                <span>E-mail:<\/span> \t\r\n                                                <h3> info@globalbalkan.mk <\/h3>\r\n                                            <\/div>\r\n                                        <\/div><!--cpt_info end-->\r\n                                    <\/div>\r\n                                                                        <div class=\"col-lg-3 col-md-3 col-sm-6 col-xs-6 full_wdth\">\r\n                                        <div class=\"cpt_info\">\r\n                                                                                <span class=\"cpt_icon\">\r\n                                    <svg aria-hidden=\"true\" class=\"e-font-icon-svg e-fas-phone\" viewBox=\"0 0 512 512\" xmlns=\"http:\/\/www.w3.org\/2000\/svg\"><path d=\"M493.4 24.6l-104-24c-11.3-2.6-22.9 3.3-27.5 13.9l-48 112c-4.2 9.8-1.4 21.3 6.9 28l60.6 49.6c-36 76.7-98.9 140.5-177.2 177.2l-49.6-60.6c-6.8-8.3-18.2-11.1-28-6.9l-112 48C3.9 366.5-2 378.1.6 389.4l24 104C27.1 504.2 36.7 512 48 512c256.1 0 464-207.5 464-464 0-11.2-7.7-20.9-18.6-23.4z\"><\/path><\/svg> <\/span>\r\n                                                                                <div class=\"cppt\">\r\n                                                <span>Telefoni:<\/span> \t\r\n                                                <h3> 078 414 424 <br>\n070 345 145 <\/h3>\r\n                                            <\/div>\r\n                                        <\/div><!--cpt_info end-->\r\n                                    <\/div>\r\n                                                                        <div class=\"col-lg-3 col-md-3 col-sm-6 col-xs-6 full_wdth\">\r\n                                        <div class=\"cpt_info\">\r\n                                                                                <span class=\"cpt_icon\">\r\n                                    <i aria-hidden=\"true\" class=\" icon-clock\"><\/i> <\/span>\r\n                                                                                <div class=\"cppt\">\r\n                                                E H\u00ebn\u00eb-E Shtun\u00eb: \t\r\n                                                <h3> 08:00 - 18:00 <br>\nE Diel Mbyllur <\/h3>\r\n                                            <\/div>\r\n                                        <\/div><!--cpt_info end-->\r\n                                    <\/div>\r\n                                                            <\/div>\r\n                    <\/div><!--mp_contact_info_details end-->\r\n                <\/div>\r\n            <\/div><!--mp_contact_info end-->\r\n        <\/section><!--map-full end-->\r\n        \t\t\t\t<\/div>\n\t\t\t\t<\/div>\n\t\t\t\t\t<\/div>\n\t\t<\/div>\n\t\t\t\t\t<\/div>\n\t\t<\/section>\n\t\t\t\t<section class=\"elementor-section elementor-top-section elementor-element elementor-element-ee885c7 elementor-section-stretched elementor-section-full_width elementor-section-height-default elementor-section-height-default\" data-id=\"ee885c7\" data-element_type=\"section\" data-settings=\"{&quot;stretch_section&quot;:&quot;section-stretched&quot;}\">\n\t\t\t\t\t\t<div class=\"elementor-container elementor-column-gap-no\">\n\t\t\t\t\t<div class=\"elementor-column elementor-col-100 elementor-top-column elementor-element elementor-element-be621dd\" data-id=\"be621dd\" data-element_type=\"column\">\n\t\t\t<div class=\"elementor-widget-wrap elementor-element-populated\">\n\t\t\t\t\t\t<div class=\"elementor-element elementor-element-1697908 elementor-widget elementor-widget-heacool_contact_page\" data-id=\"1697908\" data-element_type=\"widget\" data-widget_type=\"heacool_contact_page.default\">\n\t\t\t\t<div class=\"elementor-widget-container\">\n\t\t\t\t\t            <div class=\"page-content p-0\">\r\n                <div class=\"container\">\r\n                    <section class=\"getin_touch block\">\r\n                        <div class=\"row\">\r\n                            <div class=\"col-lg-4 col-md-4\">\r\n                                <div class=\"gettouch_text\">\r\n                                    <h3 class=\"sc-title\">\r\n                                        Na <span>Kontaktoni<\/span><\/h3>\r\n                                        <p>Na kontaktoni n\u00ebse keni ndonj\u00eb pyetje n\u00eb lidhje me disa nga sh\u00ebrbimet tona. Mund t\u00eb telefononi gjithashtu n\u00ebse keni nevoj\u00eb p\u00ebr ndihm\u00eb me \u00e7\u00ebshtjet e ngrohjes, ftohjes ose furnizimit me uj\u00eb. Pavar\u00ebsisht n\u00ebse keni nevoj\u00eb p\u00ebr sh\u00ebrbime banesore ose komerciale, specialist\u00ebt tan\u00eb me p\u00ebrvoj\u00eb jan\u00eb t\u00eb gatsh\u00ebm t'ju sh\u00ebrbejn\u00eb.<\/p>\r\n                                        <h4>Na ndiqni:<\/h4>\n                                <ul class=\"social_lnks\">\n                                    <li><a href=\"#\" title=\"\"><i class=\"fa fa-facebook\"><\/i><\/a><\/li>\n                                    <li><a href=\"#\" title=\"\"><i class=\"fa fa-instagram\"><\/i><\/a><\/li>\n                                <\/ul>                                    <\/div><!--gettouch_text end-->\r\n                                <\/div>\r\n                                <div class=\"col-lg-8 col-md-8\">\r\n                                    <div class=\"question_sec\">\r\n                                     <div class=\"elementor-shortcode electriciancore-cf7\">\n<div class=\"wpcf7 no-js\" id=\"wpcf7-f2570-o1\" lang=\"en-US\" dir=\"ltr\" data-wpcf7-id=\"2570\">\n<div class=\"screen-reader-response\"><p role=\"status\" aria-live=\"polite\" aria-atomic=\"true\"><\/p> <ul><\/ul><\/div>\n<form action=\"\/sq\/wp-json\/wp\/v2\/pages\/2566#wpcf7-f2570-o1\" method=\"post\" class=\"wpcf7-form init\" aria-label=\"Contact form\" novalidate=\"novalidate\" data-status=\"init\">\n<fieldset class=\"hidden-fields-container\"><input type=\"hidden\" name=\"_wpcf7\" value=\"2570\" \/><input type=\"hidden\" name=\"_wpcf7_version\" value=\"6.1.5\" \/><input type=\"hidden\" name=\"_wpcf7_locale\" value=\"en_US\" \/><input type=\"hidden\" name=\"_wpcf7_unit_tag\" value=\"wpcf7-f2570-o1\" \/><input type=\"hidden\" name=\"_wpcf7_container_post\" value=\"0\" \/><input type=\"hidden\" name=\"_wpcf7_posted_data_hash\" value=\"\" \/>\n<\/fieldset>\n<div id=\"contactform\">\n\t<div class=\"row\">\n\t\t<div class=\"col-lg-12\">\n\t\t\t<div class=\"input_field\">\n\t\t\t\t<p><span class=\"wpcf7-form-control-wrap\" data-name=\"input-name\"><input size=\"40\" maxlength=\"400\" class=\"wpcf7-form-control wpcf7-text wpcf7-validates-as-required\" aria-required=\"true\" aria-invalid=\"false\" placeholder=\"Emri Juaj\" value=\"\" type=\"text\" name=\"input-name\" \/><\/span>\n\t\t\t\t<\/p>\n\t\t\t<\/div>\n\t\t<\/div>\n\t\t<div class=\"col-lg-6\">\n\t\t\t<div class=\"input_field\">\n\t\t\t\t<p><span class=\"wpcf7-form-control-wrap\" data-name=\"input-number\"><input size=\"40\" maxlength=\"400\" class=\"wpcf7-form-control wpcf7-tel wpcf7-text wpcf7-validates-as-tel\" aria-invalid=\"false\" placeholder=\"Telefoni\" value=\"\" type=\"tel\" name=\"input-number\" \/><\/span>\n\t\t\t\t<\/p>\n\t\t\t<\/div>\n\t\t<\/div>\n\t\t<div class=\"col-lg-6\">\n\t\t\t<div class=\"input_field\">\n\t\t\t\t<p><span class=\"wpcf7-form-control-wrap\" data-name=\"input-email\"><input size=\"40\" maxlength=\"400\" class=\"wpcf7-form-control wpcf7-email wpcf7-validates-as-required wpcf7-text wpcf7-validates-as-email\" aria-required=\"true\" aria-invalid=\"false\" placeholder=\"E-maili Juaj\" value=\"\" type=\"email\" name=\"input-email\" \/><\/span>\n\t\t\t\t<\/p>\n\t\t\t<\/div>\n\t\t<\/div>\n\t\t<div class=\"col-lg-12\">\n\t\t\t<div class=\"input_field\">\n\t\t\t\t<p><span class=\"wpcf7-form-control-wrap\" data-name=\"input-message\"><textarea cols=\"40\" rows=\"10\" maxlength=\"2000\" class=\"wpcf7-form-control wpcf7-textarea\" aria-invalid=\"false\" placeholder=\"Pyetja Juaj\" name=\"input-message\"><\/textarea><\/span>\n\t\t\t\t<\/p>\n\t\t\t<\/div>\n\t\t<\/div>\n\t\t<div class=\"col-lg-12\">\n\t\t\t<div class=\"submit_btn\">\n\t\t\t\t<p><input class=\"wpcf7-form-control wpcf7-submit has-spinner\" id=\"submit\" type=\"submit\" value=\"D\u00ebrgoni\" \/>\n\t\t\t\t<\/p>\n\t\t\t<\/div>\n\t\t<\/div>\n\t<\/div>\n<\/div><div class=\"wpcf7-response-output\" aria-hidden=\"true\"><\/div>\n<\/form>\n<\/div>\n<\/div>                                <\/div><!--question-sec end-->\r\n                            <\/div>\r\n                        <\/div>\r\n                    <\/section><!--getin_touch end-->\r\n                <\/div>\r\n            <\/div>\r\n            \t\t\t\t<\/div>\n\t\t\t\t<\/div>\n\t\t\t\t\t<\/div>\n\t\t<\/div>\n\t\t\t\t\t<\/div>\n\t\t<\/section>\n\t\t\t\t<\/div>\n\t\t","protected":false},"excerpt":{"rendered":"<p>Adresa: Sretko Krsteski 55, Gostivar, Maqedonia e Veriut E-mail: info@globalbalkan.mk Telefoni: 078 414 424 070 345 145 E H\u00ebn\u00eb-E Shtun\u00eb: 08:00 &#8211; 18:00 E Diel Mbyllur Na Kontaktoni Na kontaktoni n\u00ebse keni ndonj\u00eb pyetje n\u00eb lidhje me disa nga sh\u00ebrbimet tona. Mund t\u00eb telefononi gjithashtu n\u00ebse keni nevoj\u00eb p\u00ebr ndihm\u00eb me \u00e7\u00ebshtjet e ngrohjes, ftohjes [&hellip;]<\/p>\n","protected":false},"author":1,"featured_media":0,"parent":0,"menu_order":0,"comment_status":"closed","ping_status":"closed","template":"elementor_header_footer","meta":{"footnotes":""},"class_list":["post-2566","page","type-page","status-publish","hentry"],"_links":{"self":[{"href":"https:\/\/term.globalbalkan.mk\/sq\/wp-json\/wp\/v2\/pages\/2566","targetHints":{"allow":["GET"]}}],"collection":[{"href":"https:\/\/term.globalbalkan.mk\/sq\/wp-json\/wp\/v2\/pages"}],"about":[{"href":"https:\/\/term.globalbalkan.mk\/sq\/wp-json\/wp\/v2\/types\/page"}],"author":[{"embeddable":true,"href":"https:\/\/term.globalbalkan.mk\/sq\/wp-json\/wp\/v2\/users\/1"}],"replies":[{"embeddable":true,"href":"https:\/\/term.globalbalkan.mk\/sq\/wp-json\/wp\/v2\/comments?post=2566"}],"version-history":[{"count":3,"href":"https:\/\/term.globalbalkan.mk\/sq\/wp-json\/wp\/v2\/pages\/2566\/revisions"}],"predecessor-version":[{"id":2571,"href":"https:\/\/term.globalbalkan.mk\/sq\/wp-json\/wp\/v2\/pages\/2566\/revisions\/2571"}],"wp:attachment":[{"href":"https:\/\/term.globalbalkan.mk\/sq\/wp-json\/wp\/v2\/media?parent=2566"}],"curies":[{"name":"wp","href":"https:\/\/api.w.org\/{rel}","templated":true}]}}