{"id":2555,"date":"2019-12-13T05:29:21","date_gmt":"2019-12-13T05:29:21","guid":{"rendered":"https:\/\/term.globalbalkan.mk\/services\/"},"modified":"2021-11-04T10:05:26","modified_gmt":"2021-11-04T10:05:26","slug":"services","status":"publish","type":"page","link":"https:\/\/term.globalbalkan.mk\/sq\/services\/","title":{"rendered":"Sh\u00ebrbimet"},"content":{"rendered":"\t\t<div data-elementor-type=\"wp-page\" data-elementor-id=\"2555\" class=\"elementor elementor-2555 elementor-1721\">\n\t\t\t\t\t\t<section class=\"elementor-section elementor-top-section elementor-element elementor-element-e116d2c elementor-section-full_width elementor-section-height-default elementor-section-height-default\" data-id=\"e116d2c\" data-element_type=\"section\">\n\t\t\t\t\t\t<div class=\"elementor-container elementor-column-gap-no\">\n\t\t\t\t\t<div class=\"elementor-column elementor-col-100 elementor-top-column elementor-element elementor-element-3ad6f15\" data-id=\"3ad6f15\" data-element_type=\"column\">\n\t\t\t<div class=\"elementor-widget-wrap elementor-element-populated\">\n\t\t\t\t\t\t<section class=\"elementor-section elementor-inner-section elementor-element elementor-element-0b7f7db elementor-section-boxed elementor-section-height-default elementor-section-height-default\" data-id=\"0b7f7db\" data-element_type=\"section\">\n\t\t\t\t\t\t<div class=\"elementor-container elementor-column-gap-default\">\n\t\t\t\t\t<div class=\"elementor-column elementor-col-100 elementor-inner-column elementor-element elementor-element-3107295\" data-id=\"3107295\" data-element_type=\"column\">\n\t\t\t<div class=\"elementor-widget-wrap elementor-element-populated\">\n\t\t\t\t\t\t<div class=\"elementor-element elementor-element-1af0eed elementor-widget elementor-widget-heading\" data-id=\"1af0eed\" data-element_type=\"widget\" data-widget_type=\"heading.default\">\n\t\t\t\t<div class=\"elementor-widget-container\">\n\t\t\t\t\t<h4 class=\"elementor-heading-title elementor-size-default\">Sh\u00ebrbime kualitative dhe afatgjate<\/h4>\t\t\t\t<\/div>\n\t\t\t\t<\/div>\n\t\t\t\t<div class=\"elementor-element elementor-element-9e94ecc elementor-widget elementor-widget-heading\" data-id=\"9e94ecc\" data-element_type=\"widget\" data-widget_type=\"heading.default\">\n\t\t\t\t<div class=\"elementor-widget-container\">\n\t\t\t\t\t<h2 class=\"elementor-heading-title elementor-size-default\">Sh\u00ebrbimet tona<\/h2>\t\t\t\t<\/div>\n\t\t\t\t<\/div>\n\t\t\t\t<div class=\"elementor-element elementor-element-244b894 elementor-widget elementor-widget-text-editor\" data-id=\"244b894\" data-element_type=\"widget\" data-widget_type=\"text-editor.default\">\n\t\t\t\t<div class=\"elementor-widget-container\">\n\t\t\t\t\t\t\t\t\t<p>Ne ofrojm\u00eb nj\u00eb shum\u00ebllojshm\u00ebri t\u00eb sh\u00ebrbimeve t\u00eb ftohjes dhe t\u00eb ngrohjes si p\u00ebr pronat banesore ashtu edhe p\u00ebr ato komerciale,<br \/>p\u00ebrfshir\u00eb p\u00ebrmir\u00ebsimet, riparimet, z\u00ebvend\u00ebsimet dhe instalimet.<\/p>\t\t\t\t\t\t\t\t<\/div>\n\t\t\t\t<\/div>\n\t\t\t\t\t<\/div>\n\t\t<\/div>\n\t\t\t\t\t<\/div>\n\t\t<\/section>\n\t\t\t\t<section class=\"elementor-section elementor-inner-section elementor-element elementor-element-fcb17b3 our_service elementor-section-boxed elementor-section-height-default elementor-section-height-default\" data-id=\"fcb17b3\" data-element_type=\"section\">\n\t\t\t\t\t\t<div class=\"elementor-container elementor-column-gap-extended\">\n\t\t\t\t\t<div class=\"elementor-column elementor-col-33 elementor-inner-column elementor-element elementor-element-955a71c\" data-id=\"955a71c\" data-element_type=\"column\">\n\t\t\t<div class=\"elementor-widget-wrap elementor-element-populated\">\n\t\t\t\t\t\t<div class=\"elementor-element elementor-element-8a23972 elementor-position-top elementor-widget elementor-widget-image-box\" data-id=\"8a23972\" data-element_type=\"widget\" data-widget_type=\"image-box.default\">\n\t\t\t\t<div class=\"elementor-widget-container\">\n\t\t\t\t\t<div class=\"elementor-image-box-wrapper\"><figure class=\"elementor-image-box-img\"><img fetchpriority=\"high\" decoding=\"async\" width=\"372\" height=\"372\" src=\"https:\/\/term.globalbalkan.mk\/wp-content\/uploads\/2020\/03\/P1.jpg\" class=\"attachment-full size-full wp-image-2650\" alt=\"\" srcset=\"https:\/\/term.globalbalkan.mk\/wp-content\/uploads\/2020\/03\/P1.jpg 372w, https:\/\/term.globalbalkan.mk\/wp-content\/uploads\/2020\/03\/P1-300x300.jpg 300w, https:\/\/term.globalbalkan.mk\/wp-content\/uploads\/2020\/03\/P1-150x150.jpg 150w\" sizes=\"(max-width: 372px) 100vw, 372px\" \/><\/figure><div class=\"elementor-image-box-content\"><h3 class=\"elementor-image-box-title\">Ngrohje<\/h3><p class=\"elementor-image-box-description\">Instalimi i nxemjeve q\u00ebndrore me materiale kualitative dhe pun\u00eb profesionale. Rezultat i garantuar me suksese t\u00eb nj\u00eb pas nj\u00ebshme.<\/p><\/div><\/div>\t\t\t\t<\/div>\n\t\t\t\t<\/div>\n\t\t\t\t\t<\/div>\n\t\t<\/div>\n\t\t\t\t<div class=\"elementor-column elementor-col-33 elementor-inner-column elementor-element elementor-element-8f53f3d\" data-id=\"8f53f3d\" data-element_type=\"column\">\n\t\t\t<div class=\"elementor-widget-wrap elementor-element-populated\">\n\t\t\t\t\t\t<div class=\"elementor-element elementor-element-5102a67 elementor-position-top elementor-widget elementor-widget-image-box\" data-id=\"5102a67\" data-element_type=\"widget\" data-widget_type=\"image-box.default\">\n\t\t\t\t<div class=\"elementor-widget-container\">\n\t\t\t\t\t<div class=\"elementor-image-box-wrapper\"><figure class=\"elementor-image-box-img\"><img decoding=\"async\" width=\"372\" height=\"372\" src=\"https:\/\/term.globalbalkan.mk\/wp-content\/uploads\/2020\/03\/P2.jpg\" class=\"attachment-full size-full wp-image-2653\" alt=\"\" srcset=\"https:\/\/term.globalbalkan.mk\/wp-content\/uploads\/2020\/03\/P2.jpg 372w, https:\/\/term.globalbalkan.mk\/wp-content\/uploads\/2020\/03\/P2-300x300.jpg 300w, https:\/\/term.globalbalkan.mk\/wp-content\/uploads\/2020\/03\/P2-150x150.jpg 150w\" sizes=\"(max-width: 372px) 100vw, 372px\" \/><\/figure><div class=\"elementor-image-box-content\"><h3 class=\"elementor-image-box-title\">Ftohje<\/h3><p class=\"elementor-image-box-description\">Freskoni ambientet tuaja duke i besuar pun\u00ebs ton\u00eb shum\u00ebvje\u00e7are. Instaloni sistemin e ftohjes nga profesionist\u00eb t\u00eb v\u00ebrtet\u00eb dhe me kualitet t\u00eb lart\u00eb.<\/p><\/div><\/div>\t\t\t\t<\/div>\n\t\t\t\t<\/div>\n\t\t\t\t\t<\/div>\n\t\t<\/div>\n\t\t\t\t<div class=\"elementor-column elementor-col-33 elementor-inner-column elementor-element elementor-element-3e4d5a2\" data-id=\"3e4d5a2\" data-element_type=\"column\">\n\t\t\t<div class=\"elementor-widget-wrap elementor-element-populated\">\n\t\t\t\t\t\t<div class=\"elementor-element elementor-element-db07dff elementor-position-top elementor-widget elementor-widget-image-box\" data-id=\"db07dff\" data-element_type=\"widget\" data-widget_type=\"image-box.default\">\n\t\t\t\t<div class=\"elementor-widget-container\">\n\t\t\t\t\t<div class=\"elementor-image-box-wrapper\"><figure class=\"elementor-image-box-img\"><img decoding=\"async\" width=\"372\" height=\"372\" src=\"https:\/\/term.globalbalkan.mk\/wp-content\/uploads\/2020\/03\/P3.jpg\" class=\"attachment-full size-full wp-image-2656\" alt=\"\" srcset=\"https:\/\/term.globalbalkan.mk\/wp-content\/uploads\/2020\/03\/P3.jpg 372w, https:\/\/term.globalbalkan.mk\/wp-content\/uploads\/2020\/03\/P3-300x300.jpg 300w, https:\/\/term.globalbalkan.mk\/wp-content\/uploads\/2020\/03\/P3-150x150.jpg 150w\" sizes=\"(max-width: 372px) 100vw, 372px\" \/><\/figure><div class=\"elementor-image-box-content\"><h3 class=\"elementor-image-box-title\">Uj\u00ebsjell\u00ebs<\/h3><p class=\"elementor-image-box-description\">Standarde europiane p\u00ebr instalimin e ujit. P\u00ebrdorim i sistemeve m\u00eb t\u00eb njohura bot\u00ebrore q\u00eb garantojn\u00eb jet\u00ebgjat\u00ebsi t\u00eb sistemit. <\/p><\/div><\/div>\t\t\t\t<\/div>\n\t\t\t\t<\/div>\n\t\t\t\t\t<\/div>\n\t\t<\/div>\n\t\t\t\t\t<\/div>\n\t\t<\/section>\n\t\t\t\t\t<\/div>\n\t\t<\/div>\n\t\t\t\t\t<\/div>\n\t\t<\/section>\n\t\t\t\t<section class=\"elementor-section elementor-top-section elementor-element elementor-element-d74d707 elementor-section-stretched elementor-section-full_width elementor-section-height-default elementor-section-height-default\" data-id=\"d74d707\" data-element_type=\"section\" data-settings=\"{&quot;stretch_section&quot;:&quot;section-stretched&quot;}\">\n\t\t\t\t\t\t<div class=\"elementor-container elementor-column-gap-no\">\n\t\t\t\t\t<div class=\"elementor-column elementor-col-100 elementor-top-column elementor-element elementor-element-80b849b\" data-id=\"80b849b\" data-element_type=\"column\">\n\t\t\t<div class=\"elementor-widget-wrap elementor-element-populated\">\n\t\t\t\t\t\t<div class=\"elementor-element elementor-element-fc054b5 elementor-widget elementor-widget-elec_banner_2\" data-id=\"fc054b5\" data-element_type=\"widget\" data-widget_type=\"elec_banner_2.default\">\n\t\t\t\t<div class=\"elementor-widget-container\">\n\t\t\t\t\t          <section class=\"block p-100\">\r\n            <div class=\"fixed-bg bg10\"><\/div>\r\n            <div class=\"container\">\r\n              <div class=\"sep-text fl-right\">\r\n                <h2 class=\"visible-lg visible-md\">A keni nevoj\u00eb p\u00ebr ndihm\u00eb me <span class=\"blue\">Kondicionimin<\/span> ose <span>mir\u00ebmbajtjen e Ngrohjes<\/span>                <\/h2>\r\n                <h2 class=\"visible-sm visible-xs\">\r\n                    A keni nevoj\u00eb p\u00ebr ndihm\u00eb me <span class=\"blue\">Kondicionimin<\/span> ose <span>mir\u00ebmbajtjen e Ngrohjes<\/span>                <\/h2>\r\n                <p class=\"visible-lg visible-md\">\r\n                  Na kontaktoni - teknik\u00ebt tan\u00eb jan\u00eb t\u00eb gatsh\u00ebm t'ju ndihmojn\u00eb t\u00eb zgjidhni \u00e7do problem.                <\/p>\r\n                <p class=\"visible-sm visible-xs\">\r\n                  Na kontaktoni - teknik\u00ebt tan\u00eb jan\u00eb t\u00eb gatsh\u00ebm t'ju ndihmojn\u00eb t\u00eb zgjidhni \u00e7do problem.                <\/p>\r\n                <span><i class=\"fa fa-phone\"><\/i> <a href=\"tel:078414424\">078 414 424<\/a><\/span> &nbsp; &nbsp;  &nbsp; <span><i class=\"fa fa-phone\"><\/i> <a href=\"tel:070345145\">070 345 145<\/a><\/span>              <\/div>\r\n            <\/div>\r\n          <\/section>\r\n      \t\t\t\t<\/div>\n\t\t\t\t<\/div>\n\t\t\t\t\t<\/div>\n\t\t<\/div>\n\t\t\t\t\t<\/div>\n\t\t<\/section>\n\t\t\t\t<\/div>\n\t\t","protected":false},"excerpt":{"rendered":"<p>Sh\u00ebrbime kualitative dhe afatgjate Sh\u00ebrbimet tona Ne ofrojm\u00eb nj\u00eb shum\u00ebllojshm\u00ebri t\u00eb sh\u00ebrbimeve t\u00eb ftohjes dhe t\u00eb ngrohjes si p\u00ebr pronat banesore ashtu edhe p\u00ebr ato komerciale,p\u00ebrfshir\u00eb p\u00ebrmir\u00ebsimet, riparimet, z\u00ebvend\u00ebsimet dhe instalimet. Ngrohje Instalimi i nxemjeve q\u00ebndrore me materiale kualitative dhe pun\u00eb profesionale. Rezultat i garantuar me suksese t\u00eb nj\u00eb pas nj\u00ebshme. Ftohje Freskoni ambientet tuaja [&hellip;]<\/p>\n","protected":false},"author":1,"featured_media":0,"parent":0,"menu_order":0,"comment_status":"closed","ping_status":"closed","template":"elementor_header_footer","meta":{"footnotes":""},"class_list":["post-2555","page","type-page","status-publish","hentry"],"_links":{"self":[{"href":"https:\/\/term.globalbalkan.mk\/sq\/wp-json\/wp\/v2\/pages\/2555","targetHints":{"allow":["GET"]}}],"collection":[{"href":"https:\/\/term.globalbalkan.mk\/sq\/wp-json\/wp\/v2\/pages"}],"about":[{"href":"https:\/\/term.globalbalkan.mk\/sq\/wp-json\/wp\/v2\/types\/page"}],"author":[{"embeddable":true,"href":"https:\/\/term.globalbalkan.mk\/sq\/wp-json\/wp\/v2\/users\/1"}],"replies":[{"embeddable":true,"href":"https:\/\/term.globalbalkan.mk\/sq\/wp-json\/wp\/v2\/comments?post=2555"}],"version-history":[{"count":3,"href":"https:\/\/term.globalbalkan.mk\/sq\/wp-json\/wp\/v2\/pages\/2555\/revisions"}],"predecessor-version":[{"id":2739,"href":"https:\/\/term.globalbalkan.mk\/sq\/wp-json\/wp\/v2\/pages\/2555\/revisions\/2739"}],"wp:attachment":[{"href":"https:\/\/term.globalbalkan.mk\/sq\/wp-json\/wp\/v2\/media?parent=2555"}],"curies":[{"name":"wp","href":"https:\/\/api.w.org\/{rel}","templated":true}]}}